{"id":335,"date":"2024-07-16T12:06:42","date_gmt":"2024-07-16T10:06:42","guid":{"rendered":"https:\/\/bip.muzeum-szreniawa.pl\/?page_id=335"},"modified":"2024-07-16T12:07:18","modified_gmt":"2024-07-16T10:07:18","slug":"misja-i-zbiory-muzeum","status":"publish","type":"page","link":"https:\/\/bip.muzeum-szreniawa.pl\/index.php\/misja-i-zbiory-muzeum\/","title":{"rendered":"Misja i zbiory Muzeum"},"content":{"rendered":"\t\t<div data-elementor-type=\"wp-page\" data-elementor-id=\"335\" class=\"elementor elementor-335\" data-elementor-post-type=\"page\">\n\t\t\t\t<div class=\"elementor-element elementor-element-12e46ef e-flex e-con-boxed e-con e-parent\" data-id=\"12e46ef\" data-element_type=\"container\">\n\t\t\t\t\t<div class=\"e-con-inner\">\n\t\t\t\t<div class=\"elementor-element elementor-element-7e4f224 elementor-widget elementor-widget-heading\" data-id=\"7e4f224\" data-element_type=\"widget\" data-widget_type=\"heading.default\">\n\t\t\t\t<div class=\"elementor-widget-container\">\n\t\t\t<style>\/*! elementor - v3.23.0 - 05-08-2024 *\/\n.elementor-heading-title{padding:0;margin:0;line-height:1}.elementor-widget-heading .elementor-heading-title[class*=elementor-size-]>a{color:inherit;font-size:inherit;line-height:inherit}.elementor-widget-heading .elementor-heading-title.elementor-size-small{font-size:15px}.elementor-widget-heading .elementor-heading-title.elementor-size-medium{font-size:19px}.elementor-widget-heading .elementor-heading-title.elementor-size-large{font-size:29px}.elementor-widget-heading .elementor-heading-title.elementor-size-xl{font-size:39px}.elementor-widget-heading .elementor-heading-title.elementor-size-xxl{font-size:59px}<\/style><h2 class=\"elementor-heading-title elementor-size-default\">Misja i zbiory Muzeum<\/h2>\t\t<\/div>\n\t\t\t\t<\/div>\n\t\t\t\t<div class=\"elementor-element elementor-element-b03ff68 elementor-widget elementor-widget-text-editor\" data-id=\"b03ff68\" data-element_type=\"widget\" data-widget_type=\"text-editor.default\">\n\t\t\t\t<div class=\"elementor-widget-container\">\n\t\t\t<style>\/*! elementor - v3.23.0 - 05-08-2024 *\/\n.elementor-widget-text-editor.elementor-drop-cap-view-stacked .elementor-drop-cap{background-color:#69727d;color:#fff}.elementor-widget-text-editor.elementor-drop-cap-view-framed .elementor-drop-cap{color:#69727d;border:3px solid;background-color:transparent}.elementor-widget-text-editor:not(.elementor-drop-cap-view-default) .elementor-drop-cap{margin-top:8px}.elementor-widget-text-editor:not(.elementor-drop-cap-view-default) .elementor-drop-cap-letter{width:1em;height:1em}.elementor-widget-text-editor .elementor-drop-cap{float:left;text-align:center;line-height:1;font-size:50px}.elementor-widget-text-editor .elementor-drop-cap-letter{display:inline-block}<\/style>\t\t\t\t<p>Do zada\u0144 Muzeum nale\u017cy gromadzenie, naukowe opracowanie, zabezpieczanie, konserwacja, udost\u0119pnianie i upowszechnianie zbior\u00f3w. Misj\u0105 jego jest \u201eprzedstawianie historii rolnictwa i przemys\u0142u rolno-spo\u017cywczego z terenu historycznych i wsp\u00f3\u0142czesnych ziem polskich od czas\u00f3w najdawniejszych po dzie\u0144 dzisiejszy, z uwzgl\u0119dnieniem europejskiego kontekstu kulturowego i cywilizacyjnego. Ma to pozwala\u0107 publiczno\u015bci muzealnej zrozumie\u0107, sk\u0105d i w jaki spos\u00f3b powstaje \u017cywno\u015b\u0107 i inne dobra pochodz\u0105ce z surowc\u00f3w rolniczych i naturalnych. Przedstawiaj\u0105c przesz\u0142o\u015b\u0107, Muzeum ma pobudza\u0107 do refleksji na temat tera\u017aniejszo\u015bci i przysz\u0142o\u015bci, ma by\u0107 instytucj\u0105 nowoczesn\u0105, otwart\u0105 na wyzwania przysz\u0142o\u015bci oraz oczekiwania i potrzeby wsp\u00f3\u0142czesnego spo\u0142ecze\u0144stwa\u201d. <br \/>W Muzeum zgromadzono ponad 31 tys. zabytk\u00f3w (w tym ok. 5 tys. archiwali\u00f3w), kt\u00f3re sklasyfikowane s\u0105 w nast\u0119puj\u0105cych grupach rzeczowych: kultura techniczna rolnictwa, ch\u00f3w i hodowla zwierz\u0105t gospodarskich wraz z weterynari\u0105, bartnictwo i pszczelarstwo, hodowla ro\u015blin i ogrodnictwo, chmielarstwo i wikliniarstwo, transport i komunikacja, przetw\u00f3rstwo i przemys\u0142 rolno-spo\u017cywczy, rzemios\u0142o wiejskie, \u0142owiectwo i rybactwo \u015br\u00f3dl\u0105dowe, etnografia (sprz\u0119t domowy, wyposa\u017cenie mieszka\u0144, stroje ludowe, sztuka ludowa), historia (sztandary, numizmatyka, medalierstwo, sfragistyka, archiwalia, plakaty, afisze), sztuka (malarstwo, grafika, rze\u017aba, tkanina artystyczna), ikonografia (fotografie, poczt\u00f3wki, filmy).<\/p><p><br \/>W muzeum funkcjonuje specjalistyczna biblioteka, kt\u00f3rej zbiory licz\u0105 prawie 38 tys. wolumin\u00f3w (w tym ksi\u0105\u017cki, broszury i czasopisma).<\/p>\t\t\t\t\t\t<\/div>\n\t\t\t\t<\/div>\n\t\t\t\t\t<\/div>\n\t\t\t\t<\/div>\n\t\t\t\t<\/div>\n\t\t","protected":false},"excerpt":{"rendered":"<p>Do zada\u0144 Muzeum nale\u017cy gromadzenie, naukowe opracowanie, zabezpieczanie, konserwacja, udost\u0119pnianie i upowszechnianie zbior\u00f3w. Misj\u0105 jego jest \u201eprzedstawianie historii rolnictwa i przemys\u0142u rolno-spo\u017cywczego z terenu historycznych i wsp\u00f3\u0142czesnych ziem polskich od czas\u00f3w najdawniejszych po dzie\u0144 dzisiejszy, z uwzgl\u0119dnieniem europejskiego kontekstu kulturowego i cywilizacyjnego. Ma to pozwala\u0107 publiczno\u015bci muzealnej zrozumie\u0107, sk\u0105d i w jaki spos\u00f3b powstaje \u017cywno\u015b\u0107 [&hellip;]<\/p>\n","protected":false},"author":1,"featured_media":0,"parent":0,"menu_order":0,"comment_status":"closed","ping_status":"closed","template":"","meta":{"footnotes":""},"class_list":["post-335","page","type-page","status-publish","hentry"],"_links":{"self":[{"href":"https:\/\/bip.muzeum-szreniawa.pl\/index.php\/wp-json\/wp\/v2\/pages\/335","targetHints":{"allow":["GET"]}}],"collection":[{"href":"https:\/\/bip.muzeum-szreniawa.pl\/index.php\/wp-json\/wp\/v2\/pages"}],"about":[{"href":"https:\/\/bip.muzeum-szreniawa.pl\/index.php\/wp-json\/wp\/v2\/types\/page"}],"author":[{"embeddable":true,"href":"https:\/\/bip.muzeum-szreniawa.pl\/index.php\/wp-json\/wp\/v2\/users\/1"}],"replies":[{"embeddable":true,"href":"https:\/\/bip.muzeum-szreniawa.pl\/index.php\/wp-json\/wp\/v2\/comments?post=335"}],"version-history":[{"count":4,"href":"https:\/\/bip.muzeum-szreniawa.pl\/index.php\/wp-json\/wp\/v2\/pages\/335\/revisions"}],"predecessor-version":[{"id":339,"href":"https:\/\/bip.muzeum-szreniawa.pl\/index.php\/wp-json\/wp\/v2\/pages\/335\/revisions\/339"}],"wp:attachment":[{"href":"https:\/\/bip.muzeum-szreniawa.pl\/index.php\/wp-json\/wp\/v2\/media?parent=335"}],"curies":[{"name":"wp","href":"https:\/\/api.w.org\/{rel}","templated":true}]}}